{"id":1414,"date":"2024-02-29T12:46:27","date_gmt":"2024-02-29T10:46:27","guid":{"rendered":"https:\/\/plusled.dev1.com.es\/blog\/?page_id=1414"},"modified":"2024-03-26T18:36:07","modified_gmt":"2024-03-26T16:36:07","slug":"quienes-somos","status":"publish","type":"page","link":"https:\/\/www.plusled.es\/blog\/quienes-somos\/","title":{"rendered":"Qui\u00e9nes somos"},"content":{"rendered":"\n<div class=\"wp-block-media-text is-stacked-on-mobile is-vertically-aligned-top\"><figure class=\"wp-block-media-text__media\"><img loading=\"lazy\" decoding=\"async\" width=\"680\" height=\"510\" src=\"https:\/\/plusled.dev1.com.es\/blog\/wp-content\/uploads\/2024-02-10.jpg\" alt=\"\" class=\"wp-image-1429 size-full\" srcset=\"https:\/\/www.plusled.es\/blog\/wp-content\/uploads\/2024-02-10.jpg 680w, https:\/\/www.plusled.es\/blog\/wp-content\/uploads\/2024-02-10-300x225.jpg 300w\" sizes=\"(max-width: 680px) 100vw, 680px\" \/><\/figure><div class=\"wp-block-media-text__content\">\n<p><strong>PlusLED <\/strong>somos un almac\u00e9n de material el\u00e9ctrico e iluminaci\u00f3n LED situado en Linares y con servicio para toda Espa\u00f1a.<\/p>\n\n\n\n<p><strong>Servimos tanto a profesionales como a particulares<\/strong> en 24\/48h y nuestro equipo de t\u00e9cnicos est\u00e1 disponible en horario comercial por tel\u00e9fono, email o el chat de la web.<\/p>\n\n\n\n<p>Los pedidos se pueden pasar en menos de 5 min por nuestra tienda online y se reciben en 24\/48h en su domicilio mediante paqueter\u00eda.<\/p>\n\n\n\n<p>Disponemos de una red de <strong>tiendas propias y asociadas<\/strong> por gran parte de Espa\u00f1a en las que pueden adquirir nuestros productos.<\/p>\n\n\n\n<p>Los clientes con <strong>cuenta profesional<\/strong> pueden retirar productos de cualquiera de nuestras tiendas y disfrutar de condiciones especiales y descuentos.<\/p>\n\n\n\n<p>Todos nuestros productos tienen entre <strong>2 y 5 a\u00f1os de garant\u00eda<\/strong> lo que supone una innovaci\u00f3n importante en el sector de la iluminaci\u00f3n LED.<\/p>\n\n\n\n<p><\/p>\n<\/div><\/div>\n\n\n\n<div class=\"inherit-container-width wp-block-group alignfull has-background is-layout-constrained wp-block-group-is-layout-constrained\" style=\"background-color:#ece2fe\">\n<h2 class=\"wp-block-heading has-text-align-center bloque-columns\" id=\"bloque-columns-todo-lo-que-necesitas-en-un-unico-lugar\" style=\"margin-top:var(--wp--preset--spacing--60);margin-bottom:var(--wp--preset--spacing--60)\">Con\u00f3cenos un poco mejor<\/h2>\n\n\n\n<div class=\"wp-block-columns cuadrados is-layout-flex wp-container-core-columns-layout-1 wp-block-columns-is-layout-flex\" id=\"quienes-somos-colaboradores\">\n<div class=\"wp-block-column is-layout-flow wp-block-column-is-layout-flow\">\n<figure class=\"wp-block-image aligncenter size-large is-resized\"><a href=\"https:\/\/plusled.dev1.com.es\/blog\/wp-content\/uploads\/phone-light.svg\"><img decoding=\"async\"  src=\"https:\/\/plusled.dev1.com.es\/blog\/wp-content\/uploads\/phone-light.svg\" alt=\"\" class=\"wp-image-1449\" style=\"object-fit:contain;width:48px;height:48px\"\/><\/a><\/figure>\n\n\n\n<h3 class=\"wp-block-heading has-text-align-center\" id=\"diseno-web\" style=\"margin-top:var(--wp--preset--spacing--60)\">Dpto. Atenci\u00f3n al Cliente y Administraci\u00f3n.<\/h3>\n\n\n\n<div class=\"wp-block-buttons is-content-justification-center is-layout-flex wp-container-core-buttons-layout-1 wp-block-buttons-is-layout-flex\">\n<div class=\"wp-block-button\"><a class=\"wp-block-button__link wp-element-button\" href=\"mailto:info@plusled.es\">info@plusled.es<\/a><\/div>\n<\/div>\n<\/div>\n\n\n\n<div class=\"wp-block-column is-layout-flow wp-block-column-is-layout-flow\">\n<figure class=\"wp-block-image aligncenter size-large is-resized\"><a href=\"https:\/\/plusled.dev1.com.es\/blog\/wp-content\/uploads\/user-headset-light.svg\"><img decoding=\"async\"  src=\"https:\/\/plusled.dev1.com.es\/blog\/wp-content\/uploads\/user-headset-light.svg\" alt=\"\" class=\"wp-image-1451\" style=\"object-fit:contain;width:48px;height:48px\"\/><\/a><\/figure>\n\n\n\n<h3 class=\"wp-block-heading has-text-align-center\" id=\"diseno-web\" style=\"margin-top:var(--wp--preset--spacing--60)\">Responsable Dpto. Comercial. <\/h3>\n\n\n\n<h5 class=\"wp-block-heading has-text-align-center\" id=\"diseno-web\"><strong><strong>Antonio Martos<\/strong><\/strong><\/h5>\n\n\n\n<div class=\"wp-block-buttons is-content-justification-center is-layout-flex wp-container-core-buttons-layout-2 wp-block-buttons-is-layout-flex\">\n<div class=\"wp-block-button\"><a class=\"wp-block-button__link wp-element-button\" href=\"mailto:aj.martos@plusled.es\">aj.martos@plusled.es<\/a><\/div>\n<\/div>\n<\/div>\n\n\n\n<div class=\"wp-block-column is-layout-flow wp-block-column-is-layout-flow\">\n<figure class=\"wp-block-image aligncenter size-large is-resized\"><a href=\"https:\/\/plusled.dev1.com.es\/blog\/wp-content\/uploads\/user-hard-hat-light.svg\"><img decoding=\"async\"  src=\"https:\/\/plusled.dev1.com.es\/blog\/wp-content\/uploads\/user-hard-hat-light.svg\" alt=\"\" class=\"wp-image-1452\" style=\"object-fit:contain;width:48px;height:48px\"\/><\/a><\/figure>\n\n\n\n<h3 class=\"wp-block-heading has-text-align-center\" id=\"diseno-web\" style=\"margin-top:var(--wp--preset--spacing--60)\">Responsable Dpto. Proyectos<\/h3>\n\n\n\n<h5 class=\"wp-block-heading has-text-align-center\" id=\"diseno-web\"><strong><strong>Enrique Avencio<\/strong><\/strong><\/h5>\n\n\n\n<div class=\"wp-block-buttons is-content-justification-center is-layout-flex wp-container-core-buttons-layout-3 wp-block-buttons-is-layout-flex\">\n<div class=\"wp-block-button\"><a class=\"wp-block-button__link wp-element-button\" href=\"mailto:enrique.avencio@plusled.es\">enrique.avencio@plusled.es<\/a><\/div>\n<\/div>\n<\/div>\n\n\n\n<div class=\"wp-block-column is-layout-flow wp-block-column-is-layout-flow\">\n<figure class=\"wp-block-image aligncenter size-large is-resized\"><a href=\"https:\/\/plusled.dev1.com.es\/blog\/wp-content\/uploads\/wrench-light.svg\"><img decoding=\"async\"  src=\"https:\/\/plusled.dev1.com.es\/blog\/wp-content\/uploads\/wrench-light.svg\" alt=\"\" class=\"wp-image-1453\" style=\"object-fit:contain;width:48px;height:48px\"\/><\/a><\/figure>\n\n\n\n<h3 class=\"wp-block-heading has-text-align-center\" id=\"diseno-web\" style=\"margin-top:var(--wp--preset--spacing--60)\">Dpto. Instalaciones<\/h3>\n\n\n\n<div class=\"wp-block-buttons is-content-justification-center is-layout-flex wp-container-core-buttons-layout-4 wp-block-buttons-is-layout-flex\">\n<div class=\"wp-block-button\"><a class=\"wp-block-button__link wp-element-button\" href=\"mailto:info@plusled.es\">info@plusled.es<\/a><\/div>\n<\/div>\n<\/div>\n<\/div>\n<\/div>\n","protected":false},"excerpt":{"rendered":"<p>PlusLED somos un almac\u00e9n de material el\u00e9ctrico e iluminaci\u00f3n LED situado en Linares y con servicio para toda Espa\u00f1a. Servimos [&hellip;]<\/p>\n","protected":false},"author":1,"featured_media":0,"parent":0,"menu_order":0,"comment_status":"closed","ping_status":"closed","template":"","meta":{"inline_featured_image":false,"site-sidebar-layout":"default","site-content-layout":"","ast-site-content-layout":"","site-content-style":"default","site-sidebar-style":"default","ast-global-header-display":"","ast-banner-title-visibility":"","ast-main-header-display":"","ast-hfb-above-header-display":"","ast-hfb-below-header-display":"","ast-hfb-mobile-header-display":"","site-post-title":"","ast-breadcrumbs-content":"","ast-featured-img":"","footer-sml-layout":"","theme-transparent-header-meta":"","adv-header-id-meta":"","stick-header-meta":"","header-above-stick-meta":"","header-main-stick-meta":"","header-below-stick-meta":"","astra-migrate-meta-layouts":"default","ast-page-background-enabled":"default","ast-page-background-meta":{"desktop":{"background-color":"var(--ast-global-color-4)","background-image":"","background-repeat":"repeat","background-position":"center center","background-size":"auto","background-attachment":"scroll","background-type":"","background-media":"","overlay-type":"","overlay-color":"","overlay-gradient":""},"tablet":{"background-color":"","background-image":"","background-repeat":"repeat","background-position":"center center","background-size":"auto","background-attachment":"scroll","background-type":"","background-media":"","overlay-type":"","overlay-color":"","overlay-gradient":""},"mobile":{"background-color":"","background-image":"","background-repeat":"repeat","background-position":"center center","background-size":"auto","background-attachment":"scroll","background-type":"","background-media":"","overlay-type":"","overlay-color":"","overlay-gradient":""}},"ast-content-background-meta":{"desktop":{"background-color":"var(--ast-global-color-5)","background-image":"","background-repeat":"repeat","background-position":"center center","background-size":"auto","background-attachment":"scroll","background-type":"","background-media":"","overlay-type":"","overlay-color":"","overlay-gradient":""},"tablet":{"background-color":"var(--ast-global-color-5)","background-image":"","background-repeat":"repeat","background-position":"center center","background-size":"auto","background-attachment":"scroll","background-type":"","background-media":"","overlay-type":"","overlay-color":"","overlay-gradient":""},"mobile":{"background-color":"var(--ast-global-color-5)","background-image":"","background-repeat":"repeat","background-position":"center center","background-size":"auto","background-attachment":"scroll","background-type":"","background-media":"","overlay-type":"","overlay-color":"","overlay-gradient":""}},"footnotes":""},"yoast_head":"<!-- This site is optimized with the Yoast SEO plugin v23.5 - https:\/\/yoast.com\/wordpress\/plugins\/seo\/ -->\n<title>Qui\u00e9nes somos - Plusled Blog<\/title>\n<meta name=\"robots\" content=\"index, follow, max-snippet:-1, max-image-preview:large, max-video-preview:-1\" \/>\n<link rel=\"canonical\" href=\"https:\/\/www.plusled.es\/blog\/quienes-somos\/\" \/>\n<meta property=\"og:locale\" content=\"es_ES\" \/>\n<meta property=\"og:type\" content=\"article\" \/>\n<meta property=\"og:title\" content=\"Qui\u00e9nes somos - Plusled Blog\" \/>\n<meta property=\"og:description\" content=\"PlusLED somos un almac\u00e9n de material el\u00e9ctrico e iluminaci\u00f3n LED situado en Linares y con servicio para toda Espa\u00f1a. Servimos [&hellip;]\" \/>\n<meta property=\"og:url\" content=\"https:\/\/www.plusled.es\/blog\/quienes-somos\/\" \/>\n<meta property=\"og:site_name\" content=\"Plusled Blog\" \/>\n<meta property=\"article:publisher\" content=\"http:\/\/www.facebook.com\/plusled.es\" \/>\n<meta property=\"article:modified_time\" content=\"2024-03-26T16:36:07+00:00\" \/>\n<meta property=\"og:image\" content=\"https:\/\/plusled.dev1.com.es\/blog\/wp-content\/uploads\/2024-02-10.jpg\" \/>\n<meta name=\"twitter:card\" content=\"summary_large_image\" \/>\n<meta name=\"twitter:site\" content=\"@plusled_ES\" \/>\n<meta name=\"twitter:label1\" content=\"Tiempo de lectura\" \/>\n\t<meta name=\"twitter:data1\" content=\"2 minutos\" \/>\n<script type=\"application\/ld+json\" class=\"yoast-schema-graph\">{\"@context\":\"https:\/\/schema.org\",\"@graph\":[{\"@type\":\"WebPage\",\"@id\":\"https:\/\/www.plusled.es\/blog\/quienes-somos\/\",\"url\":\"https:\/\/www.plusled.es\/blog\/quienes-somos\/\",\"name\":\"Qui\u00e9nes somos - Plusled Blog\",\"isPartOf\":{\"@id\":\"https:\/\/www.plusled.es\/blog\/#website\"},\"primaryImageOfPage\":{\"@id\":\"https:\/\/www.plusled.es\/blog\/quienes-somos\/#primaryimage\"},\"image\":{\"@id\":\"https:\/\/www.plusled.es\/blog\/quienes-somos\/#primaryimage\"},\"thumbnailUrl\":\"https:\/\/plusled.dev1.com.es\/blog\/wp-content\/uploads\/2024-02-10.jpg\",\"datePublished\":\"2024-02-29T10:46:27+00:00\",\"dateModified\":\"2024-03-26T16:36:07+00:00\",\"breadcrumb\":{\"@id\":\"https:\/\/www.plusled.es\/blog\/quienes-somos\/#breadcrumb\"},\"inLanguage\":\"es\",\"potentialAction\":[{\"@type\":\"ReadAction\",\"target\":[\"https:\/\/www.plusled.es\/blog\/quienes-somos\/\"]}]},{\"@type\":\"ImageObject\",\"inLanguage\":\"es\",\"@id\":\"https:\/\/www.plusled.es\/blog\/quienes-somos\/#primaryimage\",\"url\":\"https:\/\/plusled.dev1.com.es\/blog\/wp-content\/uploads\/2024-02-10.jpg\",\"contentUrl\":\"https:\/\/plusled.dev1.com.es\/blog\/wp-content\/uploads\/2024-02-10.jpg\"},{\"@type\":\"BreadcrumbList\",\"@id\":\"https:\/\/www.plusled.es\/blog\/quienes-somos\/#breadcrumb\",\"itemListElement\":[{\"@type\":\"ListItem\",\"position\":1,\"name\":\"Portada\",\"item\":\"https:\/\/www.plusled.es\/blog\/\"},{\"@type\":\"ListItem\",\"position\":2,\"name\":\"Qui\u00e9nes somos\"}]},{\"@type\":\"WebSite\",\"@id\":\"https:\/\/www.plusled.es\/blog\/#website\",\"url\":\"https:\/\/www.plusled.es\/blog\/\",\"name\":\"Plusled Blog\",\"description\":\"Blog sobre la iluminaci\u00f3n LED\",\"publisher\":{\"@id\":\"https:\/\/www.plusled.es\/blog\/#organization\"},\"potentialAction\":[{\"@type\":\"SearchAction\",\"target\":{\"@type\":\"EntryPoint\",\"urlTemplate\":\"https:\/\/www.plusled.es\/blog\/?s={search_term_string}\"},\"query-input\":{\"@type\":\"PropertyValueSpecification\",\"valueRequired\":true,\"valueName\":\"search_term_string\"}}],\"inLanguage\":\"es\"},{\"@type\":\"Organization\",\"@id\":\"https:\/\/www.plusled.es\/blog\/#organization\",\"name\":\"PlusLED\",\"url\":\"https:\/\/www.plusled.es\/blog\/\",\"logo\":{\"@type\":\"ImageObject\",\"inLanguage\":\"es\",\"@id\":\"https:\/\/www.plusled.es\/blog\/#\/schema\/logo\/image\/\",\"url\":\"https:\/\/www.plusled.es\/blog\/wp-content\/uploads\/logo-1703246633.svg\",\"contentUrl\":\"https:\/\/www.plusled.es\/blog\/wp-content\/uploads\/logo-1703246633.svg\",\"caption\":\"PlusLED\"},\"image\":{\"@id\":\"https:\/\/www.plusled.es\/blog\/#\/schema\/logo\/image\/\"},\"sameAs\":[\"http:\/\/www.facebook.com\/plusled.es\",\"https:\/\/x.com\/plusled_ES\"]}]}<\/script>\n<!-- \/ Yoast SEO plugin. -->","yoast_head_json":{"title":"Qui\u00e9nes somos - Plusled Blog","robots":{"index":"index","follow":"follow","max-snippet":"max-snippet:-1","max-image-preview":"max-image-preview:large","max-video-preview":"max-video-preview:-1"},"canonical":"https:\/\/www.plusled.es\/blog\/quienes-somos\/","og_locale":"es_ES","og_type":"article","og_title":"Qui\u00e9nes somos - Plusled Blog","og_description":"PlusLED somos un almac\u00e9n de material el\u00e9ctrico e iluminaci\u00f3n LED situado en Linares y con servicio para toda Espa\u00f1a. Servimos [&hellip;]","og_url":"https:\/\/www.plusled.es\/blog\/quienes-somos\/","og_site_name":"Plusled Blog","article_publisher":"http:\/\/www.facebook.com\/plusled.es","article_modified_time":"2024-03-26T16:36:07+00:00","og_image":[{"url":"https:\/\/plusled.dev1.com.es\/blog\/wp-content\/uploads\/2024-02-10.jpg"}],"twitter_card":"summary_large_image","twitter_site":"@plusled_ES","twitter_misc":{"Tiempo de lectura":"2 minutos"},"schema":{"@context":"https:\/\/schema.org","@graph":[{"@type":"WebPage","@id":"https:\/\/www.plusled.es\/blog\/quienes-somos\/","url":"https:\/\/www.plusled.es\/blog\/quienes-somos\/","name":"Qui\u00e9nes somos - Plusled Blog","isPartOf":{"@id":"https:\/\/www.plusled.es\/blog\/#website"},"primaryImageOfPage":{"@id":"https:\/\/www.plusled.es\/blog\/quienes-somos\/#primaryimage"},"image":{"@id":"https:\/\/www.plusled.es\/blog\/quienes-somos\/#primaryimage"},"thumbnailUrl":"https:\/\/plusled.dev1.com.es\/blog\/wp-content\/uploads\/2024-02-10.jpg","datePublished":"2024-02-29T10:46:27+00:00","dateModified":"2024-03-26T16:36:07+00:00","breadcrumb":{"@id":"https:\/\/www.plusled.es\/blog\/quienes-somos\/#breadcrumb"},"inLanguage":"es","potentialAction":[{"@type":"ReadAction","target":["https:\/\/www.plusled.es\/blog\/quienes-somos\/"]}]},{"@type":"ImageObject","inLanguage":"es","@id":"https:\/\/www.plusled.es\/blog\/quienes-somos\/#primaryimage","url":"https:\/\/plusled.dev1.com.es\/blog\/wp-content\/uploads\/2024-02-10.jpg","contentUrl":"https:\/\/plusled.dev1.com.es\/blog\/wp-content\/uploads\/2024-02-10.jpg"},{"@type":"BreadcrumbList","@id":"https:\/\/www.plusled.es\/blog\/quienes-somos\/#breadcrumb","itemListElement":[{"@type":"ListItem","position":1,"name":"Portada","item":"https:\/\/www.plusled.es\/blog\/"},{"@type":"ListItem","position":2,"name":"Qui\u00e9nes somos"}]},{"@type":"WebSite","@id":"https:\/\/www.plusled.es\/blog\/#website","url":"https:\/\/www.plusled.es\/blog\/","name":"Plusled Blog","description":"Blog sobre la iluminaci\u00f3n LED","publisher":{"@id":"https:\/\/www.plusled.es\/blog\/#organization"},"potentialAction":[{"@type":"SearchAction","target":{"@type":"EntryPoint","urlTemplate":"https:\/\/www.plusled.es\/blog\/?s={search_term_string}"},"query-input":{"@type":"PropertyValueSpecification","valueRequired":true,"valueName":"search_term_string"}}],"inLanguage":"es"},{"@type":"Organization","@id":"https:\/\/www.plusled.es\/blog\/#organization","name":"PlusLED","url":"https:\/\/www.plusled.es\/blog\/","logo":{"@type":"ImageObject","inLanguage":"es","@id":"https:\/\/www.plusled.es\/blog\/#\/schema\/logo\/image\/","url":"https:\/\/www.plusled.es\/blog\/wp-content\/uploads\/logo-1703246633.svg","contentUrl":"https:\/\/www.plusled.es\/blog\/wp-content\/uploads\/logo-1703246633.svg","caption":"PlusLED"},"image":{"@id":"https:\/\/www.plusled.es\/blog\/#\/schema\/logo\/image\/"},"sameAs":["http:\/\/www.facebook.com\/plusled.es","https:\/\/x.com\/plusled_ES"]}]}},"_links":{"self":[{"href":"https:\/\/www.plusled.es\/blog\/wp-json\/wp\/v2\/pages\/1414"}],"collection":[{"href":"https:\/\/www.plusled.es\/blog\/wp-json\/wp\/v2\/pages"}],"about":[{"href":"https:\/\/www.plusled.es\/blog\/wp-json\/wp\/v2\/types\/page"}],"author":[{"embeddable":true,"href":"https:\/\/www.plusled.es\/blog\/wp-json\/wp\/v2\/users\/1"}],"replies":[{"embeddable":true,"href":"https:\/\/www.plusled.es\/blog\/wp-json\/wp\/v2\/comments?post=1414"}],"version-history":[{"count":13,"href":"https:\/\/www.plusled.es\/blog\/wp-json\/wp\/v2\/pages\/1414\/revisions"}],"predecessor-version":[{"id":2005,"href":"https:\/\/www.plusled.es\/blog\/wp-json\/wp\/v2\/pages\/1414\/revisions\/2005"}],"wp:attachment":[{"href":"https:\/\/www.plusled.es\/blog\/wp-json\/wp\/v2\/media?parent=1414"}],"curies":[{"name":"wp","href":"https:\/\/api.w.org\/{rel}","templated":true}]}}