{"id":1425,"date":"2024-03-04T19:23:51","date_gmt":"2024-03-04T17:23:51","guid":{"rendered":"https:\/\/plusled.dev1.com.es\/blog\/?page_id=1425"},"modified":"2024-06-04T13:12:00","modified_gmt":"2024-06-04T11:12:00","slug":"catalogos","status":"publish","type":"page","link":"https:\/\/www.plusled.es\/blog\/catalogos\/","title":{"rendered":"Cat\u00e1logos"},"content":{"rendered":"\n<h1 class=\"wp-block-heading has-text-align-center\" style=\"margin-top:var(--wp--preset--spacing--80)\">Desc\u00e1rgate nuestros cat\u00e1logos y tarifas<\/h1>\n\n\n\n<p class=\"has-text-align-center\">Pulsa sobre&nbsp;los enlaces y podr\u00e1s descargar los cat\u00e1logos y tarifas actualizadas&nbsp;en PVP.<\/p>\n\n\n\n<div class=\"wp-block-columns is-layout-flex wp-container-core-columns-layout-1 wp-block-columns-is-layout-flex\">\n<div class=\"wp-block-column is-layout-flow wp-block-column-is-layout-flow\">\n<figure class=\"wp-block-image aligncenter size-large is-resized\"><img decoding=\"async\" src=\"\/blog\/wp-content\/uploads\/philips.svg\" alt=\"\" style=\"object-fit:contain;width:150px;height:50px\"\/><\/figure>\n\n\n\n<div class=\"wp-block-buttons is-content-justification-center is-layout-flex wp-container-core-buttons-layout-1 wp-block-buttons-is-layout-flex\">\n<div class=\"wp-block-button\"><a class=\"wp-block-button__link has-text-align-center wp-element-button\" href=\"https:\/\/www.plusled.es\/blog\/wp-content\/uploads\/Cat%C3%A1logo-Pilas-PlusLED-2018-WEB.pdf\" target=\"_blank\" rel=\"noreferrer noopener\">Catalogo Pilas PlusLED<\/a><\/div>\n\n\n\n<div class=\"wp-block-button\"><a class=\"wp-block-button__link has-text-align-center wp-element-button\" href=\"https:\/\/www.hospeq.com\/v\/vspfiles\/photos\/pdfs\/Duracell-Batteries-General-Catalog.pdf\" target=\"_blank\" rel=\"noreferrer noopener\">Cat\u00e1logo Pilas Duracell<\/a><\/div>\n\n\n\n<div class=\"wp-block-button\"><a class=\"wp-block-button__link has-background has-text-align-center wp-element-button\" href=\"https:\/\/www.plusled.es\/blog\/wp-content\/uploads\/PlusLED-Pilas-PVPR-Enero-2018.xlsx\" style=\"background-color:#f4b000\" target=\"_blank\" rel=\"noreferrer noopener\">TARIFA PVPR Pilas<\/a><\/div>\n<\/div>\n<\/div>\n\n\n\n<div class=\"wp-block-column is-layout-flow wp-block-column-is-layout-flow\">\n<figure class=\"wp-block-image aligncenter size-large is-resized\"><img decoding=\"async\" src=\"\/blog\/wp-content\/uploads\/logo-small-n.png\" alt=\"\" style=\"object-fit:contain;width:150px;height:50px\"\/><\/figure>\n\n\n\n<div class=\"wp-block-buttons is-content-justification-center is-layout-flex wp-container-core-buttons-layout-2 wp-block-buttons-is-layout-flex\">\n<div class=\"wp-block-button\"><a class=\"wp-block-button__link has-text-align-center wp-element-button\" href=\"http:\/\/v-tac.eu\/images\/catalog\/Q1-2019.pdf\" target=\"_blank\" rel=\"noreferrer noopener\">Cat\u00e1logo V-TAC<\/a><\/div>\n\n\n\n<div class=\"wp-block-button\"><a class=\"wp-block-button__link has-text-align-center wp-element-button\" href=\"https:\/\/v-tac.eu\/images\/catalog\/road-map-2019.pdf\" target=\"_blank\" rel=\"noreferrer noopener\">Cat\u00e1logo V-TAC Novedades<\/a><\/div>\n\n\n\n<div class=\"wp-block-button\"><a class=\"wp-block-button__link has-background has-text-align-center wp-element-button\" href=\"https:\/\/www.plusled.es\/blog\/wp-content\/uploads\/Tarifa-Gral-VTAC-Junio-19.xls\" style=\"background-color:#f4b000\" target=\"_blank\" rel=\"noreferrer noopener\">TARIFA PVPR<\/a><\/div>\n<\/div>\n<\/div>\n\n\n\n<div class=\"wp-block-column is-layout-flow wp-block-column-is-layout-flow\">\n<figure class=\"wp-block-image aligncenter size-large is-resized\"><img decoding=\"async\" src=\"\/blog\/wp-content\/uploads\/logo-1703246633.svg\" alt=\"\" style=\"object-fit:contain;width:150px;height:50px\"\/><\/figure>\n\n\n\n<div class=\"wp-block-buttons is-content-justification-center is-layout-flex wp-container-core-buttons-layout-3 wp-block-buttons-is-layout-flex\">\n<div class=\"wp-block-button\"><a class=\"wp-block-button__link has-text-align-center wp-element-button\" href=\"http:\/\/www.plusled.es\/blog\/wp-content\/uploads\/Cat%C3%A1logo-Paneles-PlusLED-web.pdf\" target=\"_blank\" rel=\"noreferrer noopener\">Cat\u00e1logo Paneles<\/a><\/div>\n\n\n\n<div class=\"wp-block-button\"><a class=\"wp-block-button__link has-background has-text-align-center wp-element-button\" href=\"http:\/\/www.plusled.es\/blog\/wp-content\/uploads\/Tarifa-Paneles-PlusLED-PVP-CIVA.xlsx\" style=\"background-color:#f4b000\" target=\"_blank\" rel=\"noreferrer noopener\">TARIFA PVPR<\/a><\/div>\n<\/div>\n<\/div>\n<\/div>\n","protected":false},"excerpt":{"rendered":"<p>Desc\u00e1rgate nuestros cat\u00e1logos y tarifas Pulsa sobre&nbsp;los enlaces y podr\u00e1s descargar los cat\u00e1logos y tarifas actualizadas&nbsp;en PVP.<\/p>\n","protected":false},"author":1,"featured_media":0,"parent":0,"menu_order":0,"comment_status":"closed","ping_status":"closed","template":"","meta":{"inline_featured_image":false,"site-sidebar-layout":"default","site-content-layout":"","ast-site-content-layout":"","site-content-style":"default","site-sidebar-style":"default","ast-global-header-display":"","ast-banner-title-visibility":"","ast-main-header-display":"","ast-hfb-above-header-display":"","ast-hfb-below-header-display":"","ast-hfb-mobile-header-display":"","site-post-title":"disabled","ast-breadcrumbs-content":"","ast-featured-img":"","footer-sml-layout":"","theme-transparent-header-meta":"","adv-header-id-meta":"","stick-header-meta":"","header-above-stick-meta":"","header-main-stick-meta":"","header-below-stick-meta":"","astra-migrate-meta-layouts":"default","ast-page-background-enabled":"default","ast-page-background-meta":{"desktop":{"background-color":"var(--ast-global-color-4)","background-image":"","background-repeat":"repeat","background-position":"center center","background-size":"auto","background-attachment":"scroll","background-type":"","background-media":"","overlay-type":"","overlay-color":"","overlay-gradient":""},"tablet":{"background-color":"","background-image":"","background-repeat":"repeat","background-position":"center center","background-size":"auto","background-attachment":"scroll","background-type":"","background-media":"","overlay-type":"","overlay-color":"","overlay-gradient":""},"mobile":{"background-color":"","background-image":"","background-repeat":"repeat","background-position":"center center","background-size":"auto","background-attachment":"scroll","background-type":"","background-media":"","overlay-type":"","overlay-color":"","overlay-gradient":""}},"ast-content-background-meta":{"desktop":{"background-color":"var(--ast-global-color-5)","background-image":"","background-repeat":"repeat","background-position":"center center","background-size":"auto","background-attachment":"scroll","background-type":"","background-media":"","overlay-type":"","overlay-color":"","overlay-gradient":""},"tablet":{"background-color":"var(--ast-global-color-5)","background-image":"","background-repeat":"repeat","background-position":"center center","background-size":"auto","background-attachment":"scroll","background-type":"","background-media":"","overlay-type":"","overlay-color":"","overlay-gradient":""},"mobile":{"background-color":"var(--ast-global-color-5)","background-image":"","background-repeat":"repeat","background-position":"center center","background-size":"auto","background-attachment":"scroll","background-type":"","background-media":"","overlay-type":"","overlay-color":"","overlay-gradient":""}},"footnotes":""},"yoast_head":"<!-- This site is optimized with the Yoast SEO plugin v23.5 - https:\/\/yoast.com\/wordpress\/plugins\/seo\/ -->\n<title>Cat\u00e1logos - Plusled Blog<\/title>\n<meta name=\"robots\" content=\"index, follow, max-snippet:-1, max-image-preview:large, max-video-preview:-1\" \/>\n<link rel=\"canonical\" href=\"https:\/\/www.plusled.es\/blog\/catalogos\/\" \/>\n<meta property=\"og:locale\" content=\"es_ES\" \/>\n<meta property=\"og:type\" content=\"article\" \/>\n<meta property=\"og:title\" content=\"Cat\u00e1logos - Plusled Blog\" \/>\n<meta property=\"og:description\" content=\"Desc\u00e1rgate nuestros cat\u00e1logos y tarifas Pulsa sobre&nbsp;los enlaces y podr\u00e1s descargar los cat\u00e1logos y tarifas actualizadas&nbsp;en PVP.\" \/>\n<meta property=\"og:url\" content=\"https:\/\/www.plusled.es\/blog\/catalogos\/\" \/>\n<meta property=\"og:site_name\" content=\"Plusled Blog\" \/>\n<meta property=\"article:publisher\" content=\"http:\/\/www.facebook.com\/plusled.es\" \/>\n<meta property=\"article:modified_time\" content=\"2024-06-04T11:12:00+00:00\" \/>\n<meta name=\"twitter:card\" content=\"summary_large_image\" \/>\n<meta name=\"twitter:site\" content=\"@plusled_ES\" \/>\n<meta name=\"twitter:label1\" content=\"Tiempo de lectura\" \/>\n\t<meta name=\"twitter:data1\" content=\"1 minuto\" \/>\n<script type=\"application\/ld+json\" class=\"yoast-schema-graph\">{\"@context\":\"https:\/\/schema.org\",\"@graph\":[{\"@type\":\"WebPage\",\"@id\":\"https:\/\/www.plusled.es\/blog\/catalogos\/\",\"url\":\"https:\/\/www.plusled.es\/blog\/catalogos\/\",\"name\":\"Cat\u00e1logos - Plusled Blog\",\"isPartOf\":{\"@id\":\"https:\/\/www.plusled.es\/blog\/#website\"},\"datePublished\":\"2024-03-04T17:23:51+00:00\",\"dateModified\":\"2024-06-04T11:12:00+00:00\",\"breadcrumb\":{\"@id\":\"https:\/\/www.plusled.es\/blog\/catalogos\/#breadcrumb\"},\"inLanguage\":\"es\",\"potentialAction\":[{\"@type\":\"ReadAction\",\"target\":[\"https:\/\/www.plusled.es\/blog\/catalogos\/\"]}]},{\"@type\":\"BreadcrumbList\",\"@id\":\"https:\/\/www.plusled.es\/blog\/catalogos\/#breadcrumb\",\"itemListElement\":[{\"@type\":\"ListItem\",\"position\":1,\"name\":\"Portada\",\"item\":\"https:\/\/www.plusled.es\/blog\/\"},{\"@type\":\"ListItem\",\"position\":2,\"name\":\"Cat\u00e1logos\"}]},{\"@type\":\"WebSite\",\"@id\":\"https:\/\/www.plusled.es\/blog\/#website\",\"url\":\"https:\/\/www.plusled.es\/blog\/\",\"name\":\"Plusled Blog\",\"description\":\"Blog sobre la iluminaci\u00f3n LED\",\"publisher\":{\"@id\":\"https:\/\/www.plusled.es\/blog\/#organization\"},\"potentialAction\":[{\"@type\":\"SearchAction\",\"target\":{\"@type\":\"EntryPoint\",\"urlTemplate\":\"https:\/\/www.plusled.es\/blog\/?s={search_term_string}\"},\"query-input\":{\"@type\":\"PropertyValueSpecification\",\"valueRequired\":true,\"valueName\":\"search_term_string\"}}],\"inLanguage\":\"es\"},{\"@type\":\"Organization\",\"@id\":\"https:\/\/www.plusled.es\/blog\/#organization\",\"name\":\"PlusLED\",\"url\":\"https:\/\/www.plusled.es\/blog\/\",\"logo\":{\"@type\":\"ImageObject\",\"inLanguage\":\"es\",\"@id\":\"https:\/\/www.plusled.es\/blog\/#\/schema\/logo\/image\/\",\"url\":\"https:\/\/www.plusled.es\/blog\/wp-content\/uploads\/logo-1703246633.svg\",\"contentUrl\":\"https:\/\/www.plusled.es\/blog\/wp-content\/uploads\/logo-1703246633.svg\",\"caption\":\"PlusLED\"},\"image\":{\"@id\":\"https:\/\/www.plusled.es\/blog\/#\/schema\/logo\/image\/\"},\"sameAs\":[\"http:\/\/www.facebook.com\/plusled.es\",\"https:\/\/x.com\/plusled_ES\"]}]}<\/script>\n<!-- \/ Yoast SEO plugin. -->","yoast_head_json":{"title":"Cat\u00e1logos - Plusled Blog","robots":{"index":"index","follow":"follow","max-snippet":"max-snippet:-1","max-image-preview":"max-image-preview:large","max-video-preview":"max-video-preview:-1"},"canonical":"https:\/\/www.plusled.es\/blog\/catalogos\/","og_locale":"es_ES","og_type":"article","og_title":"Cat\u00e1logos - Plusled Blog","og_description":"Desc\u00e1rgate nuestros cat\u00e1logos y tarifas Pulsa sobre&nbsp;los enlaces y podr\u00e1s descargar los cat\u00e1logos y tarifas actualizadas&nbsp;en PVP.","og_url":"https:\/\/www.plusled.es\/blog\/catalogos\/","og_site_name":"Plusled Blog","article_publisher":"http:\/\/www.facebook.com\/plusled.es","article_modified_time":"2024-06-04T11:12:00+00:00","twitter_card":"summary_large_image","twitter_site":"@plusled_ES","twitter_misc":{"Tiempo de lectura":"1 minuto"},"schema":{"@context":"https:\/\/schema.org","@graph":[{"@type":"WebPage","@id":"https:\/\/www.plusled.es\/blog\/catalogos\/","url":"https:\/\/www.plusled.es\/blog\/catalogos\/","name":"Cat\u00e1logos - Plusled Blog","isPartOf":{"@id":"https:\/\/www.plusled.es\/blog\/#website"},"datePublished":"2024-03-04T17:23:51+00:00","dateModified":"2024-06-04T11:12:00+00:00","breadcrumb":{"@id":"https:\/\/www.plusled.es\/blog\/catalogos\/#breadcrumb"},"inLanguage":"es","potentialAction":[{"@type":"ReadAction","target":["https:\/\/www.plusled.es\/blog\/catalogos\/"]}]},{"@type":"BreadcrumbList","@id":"https:\/\/www.plusled.es\/blog\/catalogos\/#breadcrumb","itemListElement":[{"@type":"ListItem","position":1,"name":"Portada","item":"https:\/\/www.plusled.es\/blog\/"},{"@type":"ListItem","position":2,"name":"Cat\u00e1logos"}]},{"@type":"WebSite","@id":"https:\/\/www.plusled.es\/blog\/#website","url":"https:\/\/www.plusled.es\/blog\/","name":"Plusled Blog","description":"Blog sobre la iluminaci\u00f3n LED","publisher":{"@id":"https:\/\/www.plusled.es\/blog\/#organization"},"potentialAction":[{"@type":"SearchAction","target":{"@type":"EntryPoint","urlTemplate":"https:\/\/www.plusled.es\/blog\/?s={search_term_string}"},"query-input":{"@type":"PropertyValueSpecification","valueRequired":true,"valueName":"search_term_string"}}],"inLanguage":"es"},{"@type":"Organization","@id":"https:\/\/www.plusled.es\/blog\/#organization","name":"PlusLED","url":"https:\/\/www.plusled.es\/blog\/","logo":{"@type":"ImageObject","inLanguage":"es","@id":"https:\/\/www.plusled.es\/blog\/#\/schema\/logo\/image\/","url":"https:\/\/www.plusled.es\/blog\/wp-content\/uploads\/logo-1703246633.svg","contentUrl":"https:\/\/www.plusled.es\/blog\/wp-content\/uploads\/logo-1703246633.svg","caption":"PlusLED"},"image":{"@id":"https:\/\/www.plusled.es\/blog\/#\/schema\/logo\/image\/"},"sameAs":["http:\/\/www.facebook.com\/plusled.es","https:\/\/x.com\/plusled_ES"]}]}},"_links":{"self":[{"href":"https:\/\/www.plusled.es\/blog\/wp-json\/wp\/v2\/pages\/1425"}],"collection":[{"href":"https:\/\/www.plusled.es\/blog\/wp-json\/wp\/v2\/pages"}],"about":[{"href":"https:\/\/www.plusled.es\/blog\/wp-json\/wp\/v2\/types\/page"}],"author":[{"embeddable":true,"href":"https:\/\/www.plusled.es\/blog\/wp-json\/wp\/v2\/users\/1"}],"replies":[{"embeddable":true,"href":"https:\/\/www.plusled.es\/blog\/wp-json\/wp\/v2\/comments?post=1425"}],"version-history":[{"count":10,"href":"https:\/\/www.plusled.es\/blog\/wp-json\/wp\/v2\/pages\/1425\/revisions"}],"predecessor-version":[{"id":2010,"href":"https:\/\/www.plusled.es\/blog\/wp-json\/wp\/v2\/pages\/1425\/revisions\/2010"}],"wp:attachment":[{"href":"https:\/\/www.plusled.es\/blog\/wp-json\/wp\/v2\/media?parent=1425"}],"curies":[{"name":"wp","href":"https:\/\/api.w.org\/{rel}","templated":true}]}}